{"id":1785,"date":"2022-04-11T14:32:12","date_gmt":"2022-04-11T14:32:12","guid":{"rendered":"https:\/\/jorgemuniz.es\/blog\/"},"modified":"2023-08-21T15:31:15","modified_gmt":"2023-08-21T15:31:15","slug":"blog","status":"publish","type":"page","link":"https:\/\/jorgemuniz.es\/ca\/blog\/","title":{"rendered":"Blog"},"content":{"rendered":"\t\t<div data-elementor-type=\"wp-page\" data-elementor-id=\"1785\" class=\"elementor elementor-1785 elementor-138\" data-elementor-post-type=\"page\">\n\t\t\t\t\t\t<section class=\"elementor-section elementor-top-section elementor-element elementor-element-d622ca5 elementor-section-height-min-height elementor-section-boxed elementor-section-height-default elementor-section-items-middle elementor-invisible\" data-id=\"d622ca5\" data-element_type=\"section\" data-settings=\"{&quot;background_background&quot;:&quot;classic&quot;,&quot;animation&quot;:&quot;fadeInDown&quot;}\">\n\t\t\t\t\t\t<div class=\"elementor-container elementor-column-gap-default\">\n\t\t\t\t\t<div class=\"elementor-column elementor-col-100 elementor-top-column elementor-element elementor-element-33316dc\" data-id=\"33316dc\" data-element_type=\"column\">\n\t\t\t<div class=\"elementor-widget-wrap elementor-element-populated\">\n\t\t\t\t\t\t<div class=\"elementor-element elementor-element-4a0e487f elementor-invisible elementor-widget elementor-widget-heading\" data-id=\"4a0e487f\" data-element_type=\"widget\" data-settings=\"{&quot;_animation&quot;:&quot;fadeInRight&quot;}\" data-widget_type=\"heading.default\">\n\t\t\t\t<div class=\"elementor-widget-container\">\n\t\t\t\t\t<h1 class=\"elementor-heading-title elementor-size-default\">EL NOSTRE BLOG<\/h1>\t\t\t\t<\/div>\n\t\t\t\t<\/div>\n\t\t\t\t<div class=\"elementor-element elementor-element-5bc95528 animated-slow elementor-invisible elementor-widget elementor-widget-heading\" data-id=\"5bc95528\" data-element_type=\"widget\" data-settings=\"{&quot;_animation&quot;:&quot;fadeInUp&quot;}\" data-widget_type=\"heading.default\">\n\t\t\t\t<div class=\"elementor-widget-container\">\n\t\t\t\t\t<h6 class=\"elementor-heading-title elementor-size-default\">jardins, terrasses\u2026<\/h6>\t\t\t\t<\/div>\n\t\t\t\t<\/div>\n\t\t\t\t\t<\/div>\n\t\t<\/div>\n\t\t\t\t\t<\/div>\n\t\t<\/section>\n\t\t\t\t<section class=\"elementor-section elementor-top-section elementor-element elementor-element-78ea8ad4 elementor-hidden-phone elementor-section-boxed elementor-section-height-default elementor-section-height-default\" data-id=\"78ea8ad4\" data-element_type=\"section\">\n\t\t\t\t\t\t<div class=\"elementor-container elementor-column-gap-default\">\n\t\t\t\t\t<div class=\"elementor-column elementor-col-100 elementor-top-column elementor-element elementor-element-4f136ff7\" data-id=\"4f136ff7\" data-element_type=\"column\" data-settings=\"{&quot;background_background&quot;:&quot;classic&quot;}\">\n\t\t\t<div class=\"elementor-widget-wrap elementor-element-populated\">\n\t\t\t\t\t\t<section class=\"elementor-section elementor-inner-section elementor-element elementor-element-7c3c79bd elementor-section-boxed elementor-section-height-default elementor-section-height-default\" data-id=\"7c3c79bd\" data-element_type=\"section\">\n\t\t\t\t\t\t<div class=\"elementor-container elementor-column-gap-default\">\n\t\t\t\t\t<div class=\"elementor-column elementor-col-50 elementor-inner-column elementor-element elementor-element-19010f62\" data-id=\"19010f62\" data-element_type=\"column\">\n\t\t\t<div class=\"elementor-widget-wrap\">\n\t\t\t\t\t\t\t<\/div>\n\t\t<\/div>\n\t\t\t\t<div class=\"elementor-column elementor-col-50 elementor-inner-column elementor-element elementor-element-52511b1c\" data-id=\"52511b1c\" data-element_type=\"column\">\n\t\t\t<div class=\"elementor-widget-wrap\">\n\t\t\t\t\t\t\t<\/div>\n\t\t<\/div>\n\t\t\t\t\t<\/div>\n\t\t<\/section>\n\t\t\t\t\t<\/div>\n\t\t<\/div>\n\t\t\t\t\t<\/div>\n\t\t<\/section>\n\t\t\t\t<section class=\"elementor-section elementor-top-section elementor-element elementor-element-67e58004 elementor-section-boxed elementor-section-height-default elementor-section-height-default\" data-id=\"67e58004\" data-element_type=\"section\">\n\t\t\t\t\t\t<div class=\"elementor-container elementor-column-gap-default\">\n\t\t\t\t\t<div class=\"elementor-column elementor-col-66 elementor-top-column elementor-element elementor-element-3b23a1a0\" data-id=\"3b23a1a0\" data-element_type=\"column\">\n\t\t\t<div class=\"elementor-widget-wrap elementor-element-populated\">\n\t\t\t\t\t\t<div class=\"elementor-element elementor-element-74cbc99 elementor-grid-3 elementor-grid-tablet-2 elementor-grid-mobile-1 elementor-posts--thumbnail-top elementor-widget elementor-widget-posts\" data-id=\"74cbc99\" data-element_type=\"widget\" data-settings=\"{&quot;classic_columns&quot;:&quot;3&quot;,&quot;classic_columns_tablet&quot;:&quot;2&quot;,&quot;classic_columns_mobile&quot;:&quot;1&quot;,&quot;classic_row_gap&quot;:{&quot;unit&quot;:&quot;px&quot;,&quot;size&quot;:35,&quot;sizes&quot;:[]},&quot;classic_row_gap_tablet&quot;:{&quot;unit&quot;:&quot;px&quot;,&quot;size&quot;:&quot;&quot;,&quot;sizes&quot;:[]},&quot;classic_row_gap_mobile&quot;:{&quot;unit&quot;:&quot;px&quot;,&quot;size&quot;:&quot;&quot;,&quot;sizes&quot;:[]}}\" data-widget_type=\"posts.classic\">\n\t\t\t\t<div class=\"elementor-widget-container\">\n\t\t\t\t\t\t\t<div class=\"elementor-posts-container elementor-posts elementor-posts--skin-classic elementor-grid\">\n\t\t\t\t<article class=\"elementor-post elementor-grid-item post-1835 post type-post status-publish format-standard has-post-thumbnail hentry category-terrasses tag-terrasses tag-terrasses-d-autor tag-terrasses-uniques\">\n\t\t\t\t<a class=\"elementor-post__thumbnail__link\" href=\"https:\/\/jorgemuniz.es\/ca\/terrasses\/pati-el-prat-barcelona\/\" tabindex=\"-1\" >\n\t\t\t<div class=\"elementor-post__thumbnail\"><img fetchpriority=\"high\" decoding=\"async\" width=\"300\" height=\"225\" src=\"https:\/\/jorgemuniz.es\/wp-content\/uploads\/2022\/05\/PATIO-Del-Prat-Barcelona5-300x225.webp\" class=\"attachment-medium size-medium wp-image-1631\" alt=\"\" srcset=\"https:\/\/jorgemuniz.es\/wp-content\/uploads\/2022\/05\/PATIO-Del-Prat-Barcelona5-300x225.webp 300w, https:\/\/jorgemuniz.es\/wp-content\/uploads\/2022\/05\/PATIO-Del-Prat-Barcelona5-1024x768.webp 1024w, https:\/\/jorgemuniz.es\/wp-content\/uploads\/2022\/05\/PATIO-Del-Prat-Barcelona5-768x576.webp 768w, https:\/\/jorgemuniz.es\/wp-content\/uploads\/2022\/05\/PATIO-Del-Prat-Barcelona5.webp 1400w\" sizes=\"(max-width: 300px) 100vw, 300px\" \/><\/div>\n\t\t<\/a>\n\t\t\t\t<div class=\"elementor-post__text\">\n\t\t\t\t<h3 class=\"elementor-post__title\">\n\t\t\t<a href=\"https:\/\/jorgemuniz.es\/ca\/terrasses\/pati-el-prat-barcelona\/\" >\n\t\t\t\tPATI EL Prat, Barcelona\t\t\t<\/a>\n\t\t<\/h3>\n\t\t\t\t<div class=\"elementor-post__meta-data\">\n\t\t\t\t\t<span class=\"elementor-post-date\">\n\t\t\t9 de maig de 2022\t\t<\/span>\n\t\t\t\t<span class=\"elementor-post-avatar\">\n\t\t\tNo hi ha comentaris\t\t<\/span>\n\t\t\t\t<\/div>\n\t\t\t\t<div class=\"elementor-post__excerpt\">\n\t\t\t<p>Aquesta terrassa, totalment desconnectada de les zones de l&#8217;habitatge necessitava un gran al\u00b7licient per atraure els seus usuaris.<\/p>\n\t\t<\/div>\n\t\t\n\t\t<a class=\"elementor-post__read-more\" href=\"https:\/\/jorgemuniz.es\/ca\/terrasses\/pati-el-prat-barcelona\/\" aria-label=\"Read more about PATI EL Prat, Barcelona\" tabindex=\"-1\" >\n\t\t\tLlegir m\u00e9s \u00bb\t\t<\/a>\n\n\t\t\t\t<\/div>\n\t\t\t\t<\/article>\n\t\t\t\t<article class=\"elementor-post elementor-grid-item post-1833 post type-post status-publish format-standard has-post-thumbnail hentry category-terrasses tag-terrasses tag-terrasses-d-autor tag-terrasses-uniques\">\n\t\t\t\t<a class=\"elementor-post__thumbnail__link\" href=\"https:\/\/jorgemuniz.es\/ca\/terrasses\/terrassa-st-gervasi-barcelona\/\" tabindex=\"-1\" >\n\t\t\t<div class=\"elementor-post__thumbnail\"><img decoding=\"async\" width=\"300\" height=\"225\" src=\"https:\/\/jorgemuniz.es\/wp-content\/uploads\/2022\/05\/TERRAZA-Calle-Aribau-Barcelona7-300x225.webp\" class=\"attachment-medium size-medium wp-image-1613\" alt=\"\" srcset=\"https:\/\/jorgemuniz.es\/wp-content\/uploads\/2022\/05\/TERRAZA-Calle-Aribau-Barcelona7-300x225.webp 300w, https:\/\/jorgemuniz.es\/wp-content\/uploads\/2022\/05\/TERRAZA-Calle-Aribau-Barcelona7.webp 700w\" sizes=\"(max-width: 300px) 100vw, 300px\" \/><\/div>\n\t\t<\/a>\n\t\t\t\t<div class=\"elementor-post__text\">\n\t\t\t\t<h3 class=\"elementor-post__title\">\n\t\t\t<a href=\"https:\/\/jorgemuniz.es\/ca\/terrasses\/terrassa-st-gervasi-barcelona\/\" >\n\t\t\t\tTERRASSA St. Gervasi, Barcelona\t\t\t<\/a>\n\t\t<\/h3>\n\t\t\t\t<div class=\"elementor-post__meta-data\">\n\t\t\t\t\t<span class=\"elementor-post-date\">\n\t\t\t9 de maig de 2022\t\t<\/span>\n\t\t\t\t<span class=\"elementor-post-avatar\">\n\t\t\tNo hi ha comentaris\t\t<\/span>\n\t\t\t\t<\/div>\n\t\t\t\t<div class=\"elementor-post__excerpt\">\n\t\t\t<p>Aquesta terrassa, totalment desconnectada de les zones de l&#8217;habitatge necessitava un gran al\u00b7licient per atraure els seus usuaris.<\/p>\n\t\t<\/div>\n\t\t\n\t\t<a class=\"elementor-post__read-more\" href=\"https:\/\/jorgemuniz.es\/ca\/terrasses\/terrassa-st-gervasi-barcelona\/\" aria-label=\"Read more about TERRASSA St. Gervasi, Barcelona\" tabindex=\"-1\" >\n\t\t\tLlegir m\u00e9s \u00bb\t\t<\/a>\n\n\t\t\t\t<\/div>\n\t\t\t\t<\/article>\n\t\t\t\t<article class=\"elementor-post elementor-grid-item post-1831 post type-post status-publish format-standard has-post-thumbnail hentry category-terrasses tag-terrasses tag-terrasses-d-autor tag-terrasses-uniques\">\n\t\t\t\t<a class=\"elementor-post__thumbnail__link\" href=\"https:\/\/jorgemuniz.es\/ca\/terrasses\/terrassa-eixample-barcelona\/\" tabindex=\"-1\" >\n\t\t\t<div class=\"elementor-post__thumbnail\"><img decoding=\"async\" width=\"300\" height=\"225\" src=\"https:\/\/jorgemuniz.es\/wp-content\/uploads\/2022\/05\/TERRAZA-Calle-Rosello\u0301-Barcelona-pv-1-300x225.webp\" class=\"attachment-medium size-medium wp-image-1599\" alt=\"\" srcset=\"https:\/\/jorgemuniz.es\/wp-content\/uploads\/2022\/05\/TERRAZA-Calle-Rosello\u0301-Barcelona-pv-1-300x225.webp 300w, https:\/\/jorgemuniz.es\/wp-content\/uploads\/2022\/05\/TERRAZA-Calle-Rosello\u0301-Barcelona-pv-1.webp 700w\" sizes=\"(max-width: 300px) 100vw, 300px\" \/><\/div>\n\t\t<\/a>\n\t\t\t\t<div class=\"elementor-post__text\">\n\t\t\t\t<h3 class=\"elementor-post__title\">\n\t\t\t<a href=\"https:\/\/jorgemuniz.es\/ca\/terrasses\/terrassa-eixample-barcelona\/\" >\n\t\t\t\tTERRASSA Eixample, Barcelona\t\t\t<\/a>\n\t\t<\/h3>\n\t\t\t\t<div class=\"elementor-post__meta-data\">\n\t\t\t\t\t<span class=\"elementor-post-date\">\n\t\t\t9 de maig de 2022\t\t<\/span>\n\t\t\t\t<span class=\"elementor-post-avatar\">\n\t\t\tNo hi ha comentaris\t\t<\/span>\n\t\t\t\t<\/div>\n\t\t\t\t<div class=\"elementor-post__excerpt\">\n\t\t\t<p>Durant molts anys va ser l&#8217;espai de joc dels nens, ara que han crescut era el moment que tota la fam\u00edlia l&#8217;aprofit\u00e9s.<\/p>\n\t\t<\/div>\n\t\t\n\t\t<a class=\"elementor-post__read-more\" href=\"https:\/\/jorgemuniz.es\/ca\/terrasses\/terrassa-eixample-barcelona\/\" aria-label=\"Read more about TERRASSA Eixample, Barcelona\" tabindex=\"-1\" >\n\t\t\tLlegir m\u00e9s \u00bb\t\t<\/a>\n\n\t\t\t\t<\/div>\n\t\t\t\t<\/article>\n\t\t\t\t<article class=\"elementor-post elementor-grid-item post-1829 post type-post status-publish format-standard has-post-thumbnail hentry category-terrasses tag-terrasses tag-terrasses-d-autor tag-terrasses-uniques\">\n\t\t\t\t<a class=\"elementor-post__thumbnail__link\" href=\"https:\/\/jorgemuniz.es\/ca\/terrasses\/terrassa-vallcarca-barcelona\/\" tabindex=\"-1\" >\n\t\t\t<div class=\"elementor-post__thumbnail\"><img loading=\"lazy\" decoding=\"async\" width=\"300\" height=\"225\" src=\"https:\/\/jorgemuniz.es\/wp-content\/uploads\/2022\/05\/TERRAZA-REPUBLICA-ARGENTINA-BARCELONA-pv-2-300x225.webp\" class=\"attachment-medium size-medium wp-image-1581\" alt=\"\" srcset=\"https:\/\/jorgemuniz.es\/wp-content\/uploads\/2022\/05\/TERRAZA-REPUBLICA-ARGENTINA-BARCELONA-pv-2-300x225.webp 300w, https:\/\/jorgemuniz.es\/wp-content\/uploads\/2022\/05\/TERRAZA-REPUBLICA-ARGENTINA-BARCELONA-pv-2.webp 700w\" sizes=\"(max-width: 300px) 100vw, 300px\" \/><\/div>\n\t\t<\/a>\n\t\t\t\t<div class=\"elementor-post__text\">\n\t\t\t\t<h3 class=\"elementor-post__title\">\n\t\t\t<a href=\"https:\/\/jorgemuniz.es\/ca\/terrasses\/terrassa-vallcarca-barcelona\/\" >\n\t\t\t\tTERRASSA VALLCARCA, Barcelona\t\t\t<\/a>\n\t\t<\/h3>\n\t\t\t\t<div class=\"elementor-post__meta-data\">\n\t\t\t\t\t<span class=\"elementor-post-date\">\n\t\t\t9 de maig de 2022\t\t<\/span>\n\t\t\t\t<span class=\"elementor-post-avatar\">\n\t\t\tNo hi ha comentaris\t\t<\/span>\n\t\t\t\t<\/div>\n\t\t\t\t<div class=\"elementor-post__excerpt\">\n\t\t\t<p>La idea, donar coher\u00e8ncia i utilitat al conjunt d&#8217; espais distribu\u00efts en diverses al\u00e7ades, respectant i protegint el seu disseny original per\u00f2 permetent un c\u00f2mode \u00fas als seus nous propietaris. <\/p>\n\t\t<\/div>\n\t\t\n\t\t<a class=\"elementor-post__read-more\" href=\"https:\/\/jorgemuniz.es\/ca\/terrasses\/terrassa-vallcarca-barcelona\/\" aria-label=\"Read more about TERRASSA VALLCARCA, Barcelona\" tabindex=\"-1\" >\n\t\t\tLlegir m\u00e9s \u00bb\t\t<\/a>\n\n\t\t\t\t<\/div>\n\t\t\t\t<\/article>\n\t\t\t\t<article class=\"elementor-post elementor-grid-item post-1825 post type-post status-publish format-standard has-post-thumbnail hentry category-terrasses tag-terrasses tag-terrasses-d-autor tag-terrasses-uniques\">\n\t\t\t\t<a class=\"elementor-post__thumbnail__link\" href=\"https:\/\/jorgemuniz.es\/ca\/terrasses\/terrassa-ronda-de-dalt-barcelona\/\" tabindex=\"-1\" >\n\t\t\t<div class=\"elementor-post__thumbnail\"><img loading=\"lazy\" decoding=\"async\" width=\"300\" height=\"225\" src=\"https:\/\/jorgemuniz.es\/wp-content\/uploads\/2022\/05\/Terraza-Ronda-De-Dalt-Barcelona-PV-300x225.webp\" class=\"attachment-medium size-medium wp-image-1547\" alt=\"\" srcset=\"https:\/\/jorgemuniz.es\/wp-content\/uploads\/2022\/05\/Terraza-Ronda-De-Dalt-Barcelona-PV-300x225.webp 300w, https:\/\/jorgemuniz.es\/wp-content\/uploads\/2022\/05\/Terraza-Ronda-De-Dalt-Barcelona-PV.webp 700w\" sizes=\"(max-width: 300px) 100vw, 300px\" \/><\/div>\n\t\t<\/a>\n\t\t\t\t<div class=\"elementor-post__text\">\n\t\t\t\t<h3 class=\"elementor-post__title\">\n\t\t\t<a href=\"https:\/\/jorgemuniz.es\/ca\/terrasses\/terrassa-ronda-de-dalt-barcelona\/\" >\n\t\t\t\tTERRASSA RONDA DE DALT, Barcelona\t\t\t<\/a>\n\t\t<\/h3>\n\t\t\t\t<div class=\"elementor-post__meta-data\">\n\t\t\t\t\t<span class=\"elementor-post-date\">\n\t\t\t9 de maig de 2022\t\t<\/span>\n\t\t\t\t<span class=\"elementor-post-avatar\">\n\t\t\tNo hi ha comentaris\t\t<\/span>\n\t\t\t\t<\/div>\n\t\t\t\t<div class=\"elementor-post__excerpt\">\n\t\t\t<p>En aquesta terrassa es va utilitzar una safata d&#8217;acer per fer el sostre de la p\u00e8rgola, per\u00f2 acabant-la amb una coberta verda, aconseguint refrescar l&#8217;ambient del menjador exterior i alhora introduir vegetaci\u00f3 al seu voltant.<\/p>\n\t\t<\/div>\n\t\t\n\t\t<a class=\"elementor-post__read-more\" href=\"https:\/\/jorgemuniz.es\/ca\/terrasses\/terrassa-ronda-de-dalt-barcelona\/\" aria-label=\"Read more about TERRASSA RONDA DE DALT, Barcelona\" tabindex=\"-1\" >\n\t\t\tLlegir m\u00e9s \u00bb\t\t<\/a>\n\n\t\t\t\t<\/div>\n\t\t\t\t<\/article>\n\t\t\t\t<article class=\"elementor-post elementor-grid-item post-1821 post type-post status-publish format-standard has-post-thumbnail hentry category-terrasses tag-terrasses tag-terrasses-d-autor tag-terrasses-uniques\">\n\t\t\t\t<a class=\"elementor-post__thumbnail__link\" href=\"https:\/\/jorgemuniz.es\/ca\/terrasses\/pati-cardedeu-barcelona\/\" tabindex=\"-1\" >\n\t\t\t<div class=\"elementor-post__thumbnail\"><img loading=\"lazy\" decoding=\"async\" width=\"300\" height=\"225\" src=\"https:\/\/jorgemuniz.es\/wp-content\/uploads\/2022\/04\/Terraza-Cardedeu-Barcelona-VP-300x225.webp\" class=\"attachment-medium size-medium wp-image-1545\" alt=\"\" srcset=\"https:\/\/jorgemuniz.es\/wp-content\/uploads\/2022\/04\/Terraza-Cardedeu-Barcelona-VP-300x225.webp 300w, https:\/\/jorgemuniz.es\/wp-content\/uploads\/2022\/04\/Terraza-Cardedeu-Barcelona-VP.webp 400w\" sizes=\"(max-width: 300px) 100vw, 300px\" \/><\/div>\n\t\t<\/a>\n\t\t\t\t<div class=\"elementor-post__text\">\n\t\t\t\t<h3 class=\"elementor-post__title\">\n\t\t\t<a href=\"https:\/\/jorgemuniz.es\/ca\/terrasses\/pati-cardedeu-barcelona\/\" >\n\t\t\t\tPATI CARDEDEU, Barcelona\t\t\t<\/a>\n\t\t<\/h3>\n\t\t\t\t<div class=\"elementor-post__meta-data\">\n\t\t\t\t\t<span class=\"elementor-post-date\">\n\t\t\t21 d'abril de 2022\t\t<\/span>\n\t\t\t\t<span class=\"elementor-post-avatar\">\n\t\t\tNo hi ha comentaris\t\t<\/span>\n\t\t\t\t<\/div>\n\t\t\t\t<div class=\"elementor-post__excerpt\">\n\t\t\t<p>En aquesta terrassa es va utilitzar una safata d&#8217;acer per fer el sostre de la p\u00e8rgola, per\u00f2 acabant-la amb una coberta verda, aconseguint refrescar l&#8217;ambient del menjador exterior i alhora introduir vegetaci\u00f3 al seu voltant.<\/p>\n\t\t<\/div>\n\t\t\n\t\t<a class=\"elementor-post__read-more\" href=\"https:\/\/jorgemuniz.es\/ca\/terrasses\/pati-cardedeu-barcelona\/\" aria-label=\"Read more about PATI CARDEDEU, Barcelona\" tabindex=\"-1\" >\n\t\t\tLlegir m\u00e9s \u00bb\t\t<\/a>\n\n\t\t\t\t<\/div>\n\t\t\t\t<\/article>\n\t\t\t\t<\/div>\n\t\t\n\t\t\t\t\t\t<\/div>\n\t\t\t\t<\/div>\n\t\t\t\t\t<\/div>\n\t\t<\/div>\n\t\t\t\t<div class=\"elementor-column elementor-col-33 elementor-top-column elementor-element elementor-element-1add602d\" data-id=\"1add602d\" data-element_type=\"column\">\n\t\t\t<div class=\"elementor-widget-wrap elementor-element-populated\">\n\t\t\t\t\t\t<div class=\"elementor-element elementor-element-efa439e elementor-search-form--skin-classic elementor-search-form--button-type-icon elementor-search-form--icon-search elementor-widget elementor-widget-search-form\" data-id=\"efa439e\" data-element_type=\"widget\" data-settings=\"{&quot;skin&quot;:&quot;classic&quot;}\" data-widget_type=\"search-form.default\">\n\t\t\t\t<div class=\"elementor-widget-container\">\n\t\t\t\t\t\t\t<search role=\"search\">\n\t\t\t<form class=\"elementor-search-form\" action=\"https:\/\/jorgemuniz.es\/ca\/\" method=\"get\">\n\t\t\t\t\t\t\t\t\t\t\t\t<div class=\"elementor-search-form__container\">\n\t\t\t\t\t<label class=\"elementor-screen-only\" for=\"elementor-search-form-efa439e\">Search<\/label>\n\n\t\t\t\t\t\n\t\t\t\t\t<input id=\"elementor-search-form-efa439e\" placeholder=\"Buscar...\" class=\"elementor-search-form__input\" type=\"search\" name=\"s\" value=\"\">\n\t\t\t\t\t<input type='hidden' name='lang' value='ca' \/>\n\t\t\t\t\t\t\t\t\t\t\t<button class=\"elementor-search-form__submit\" type=\"submit\" aria-label=\"Search\">\n\t\t\t\t\t\t\t\t\t\t\t\t\t\t\t<i aria-hidden=\"true\" class=\"fas fa-search\"><\/i>\t\t\t\t\t\t\t\t\t\t\t\t\t<\/button>\n\t\t\t\t\t\n\t\t\t\t\t\t\t\t\t<\/div>\n\t\t\t<\/form>\n\t\t<\/search>\n\t\t\t\t\t\t<\/div>\n\t\t\t\t<\/div>\n\t\t\t\t\t<\/div>\n\t\t<\/div>\n\t\t\t\t\t<\/div>\n\t\t<\/section>\n\t\t\t\t<\/div>\n\t\t","protected":false},"excerpt":{"rendered":"<p>EL NOSTRE BLOG jardins, terrasses\u2026<\/p>\n","protected":false},"author":2,"featured_media":0,"parent":0,"menu_order":0,"comment_status":"closed","ping_status":"closed","template":"elementor_header_footer","meta":{"footnotes":""},"class_list":["post-1785","page","type-page","status-publish","hentry"],"yoast_head":"<!-- This site is optimized with the Yoast SEO plugin v21.1 - https:\/\/yoast.com\/wordpress\/plugins\/seo\/ -->\n<title>Blog - Jorge Mu\u00f1iz<\/title>\n<meta name=\"description\" content=\"Jorge Mu\u00f1iz - Blog\" \/>\n<meta name=\"robots\" content=\"index, follow, max-snippet:-1, max-image-preview:large, max-video-preview:-1\" \/>\n<link rel=\"canonical\" href=\"https:\/\/jorgemuniz.es\/blog\/\" \/>\n<meta property=\"og:locale\" content=\"ca_ES\" \/>\n<meta property=\"og:type\" content=\"article\" \/>\n<meta property=\"og:title\" content=\"Blog - Jorge Mu\u00f1iz\" \/>\n<meta property=\"og:description\" content=\"Jorge Mu\u00f1iz - Blog\" \/>\n<meta property=\"og:url\" content=\"https:\/\/jorgemuniz.es\/blog\/\" \/>\n<meta property=\"og:site_name\" content=\"Jorge Mu\u00f1iz\" \/>\n<meta property=\"article:modified_time\" content=\"2023-08-21T15:31:15+00:00\" \/>\n<meta name=\"twitter:card\" content=\"summary_large_image\" \/>\n<script type=\"application\/ld+json\" class=\"yoast-schema-graph\">{\"@context\":\"https:\/\/schema.org\",\"@graph\":[{\"@type\":\"WebPage\",\"@id\":\"https:\/\/jorgemuniz.es\/blog\/\",\"url\":\"https:\/\/jorgemuniz.es\/blog\/\",\"name\":\"Blog - Jorge Mu\u00f1iz\",\"isPartOf\":{\"@id\":\"https:\/\/jorgemuniz.es\/#website\"},\"datePublished\":\"2022-04-11T14:32:12+00:00\",\"dateModified\":\"2023-08-21T15:31:15+00:00\",\"description\":\"Jorge Mu\u00f1iz - Blog\",\"breadcrumb\":{\"@id\":\"https:\/\/jorgemuniz.es\/blog\/#breadcrumb\"},\"inLanguage\":\"ca\",\"potentialAction\":[{\"@type\":\"ReadAction\",\"target\":[\"https:\/\/jorgemuniz.es\/blog\/\"]}]},{\"@type\":\"BreadcrumbList\",\"@id\":\"https:\/\/jorgemuniz.es\/blog\/#breadcrumb\",\"itemListElement\":[{\"@type\":\"ListItem\",\"position\":1,\"name\":\"Portada\",\"item\":\"https:\/\/jorgemuniz.es\/\"},{\"@type\":\"ListItem\",\"position\":2,\"name\":\"Blog\"}]},{\"@type\":\"WebSite\",\"@id\":\"https:\/\/jorgemuniz.es\/#website\",\"url\":\"https:\/\/jorgemuniz.es\/\",\"name\":\"Jorge Mu\u00f1iz\",\"description\":\"Jardines para vivir\",\"publisher\":{\"@id\":\"https:\/\/jorgemuniz.es\/#organization\"},\"potentialAction\":[{\"@type\":\"SearchAction\",\"target\":{\"@type\":\"EntryPoint\",\"urlTemplate\":\"https:\/\/jorgemuniz.es\/?s={search_term_string}\"},\"query-input\":\"required name=search_term_string\"}],\"inLanguage\":\"ca\"},{\"@type\":\"Organization\",\"@id\":\"https:\/\/jorgemuniz.es\/#organization\",\"name\":\"Jorge Mu\u00f1iz\",\"url\":\"https:\/\/jorgemuniz.es\/\",\"logo\":{\"@type\":\"ImageObject\",\"inLanguage\":\"ca\",\"@id\":\"https:\/\/jorgemuniz.es\/#\/schema\/logo\/image\/\",\"url\":\"https:\/\/jorgemuniz.es\/wp-content\/uploads\/2022\/05\/cropped-Logo-instagram.png\",\"contentUrl\":\"https:\/\/jorgemuniz.es\/wp-content\/uploads\/2022\/05\/cropped-Logo-instagram.png\",\"width\":437,\"height\":359,\"caption\":\"Jorge Mu\u00f1iz\"},\"image\":{\"@id\":\"https:\/\/jorgemuniz.es\/#\/schema\/logo\/image\/\"}}]}<\/script>\n<!-- \/ Yoast SEO plugin. -->","yoast_head_json":{"title":"Blog - Jorge Mu\u00f1iz","description":"Jorge Mu\u00f1iz - Blog","robots":{"index":"index","follow":"follow","max-snippet":"max-snippet:-1","max-image-preview":"max-image-preview:large","max-video-preview":"max-video-preview:-1"},"canonical":"https:\/\/jorgemuniz.es\/blog\/","og_locale":"ca_ES","og_type":"article","og_title":"Blog - Jorge Mu\u00f1iz","og_description":"Jorge Mu\u00f1iz - Blog","og_url":"https:\/\/jorgemuniz.es\/blog\/","og_site_name":"Jorge Mu\u00f1iz","article_modified_time":"2023-08-21T15:31:15+00:00","twitter_card":"summary_large_image","schema":{"@context":"https:\/\/schema.org","@graph":[{"@type":"WebPage","@id":"https:\/\/jorgemuniz.es\/blog\/","url":"https:\/\/jorgemuniz.es\/blog\/","name":"Blog - Jorge Mu\u00f1iz","isPartOf":{"@id":"https:\/\/jorgemuniz.es\/#website"},"datePublished":"2022-04-11T14:32:12+00:00","dateModified":"2023-08-21T15:31:15+00:00","description":"Jorge Mu\u00f1iz - Blog","breadcrumb":{"@id":"https:\/\/jorgemuniz.es\/blog\/#breadcrumb"},"inLanguage":"ca","potentialAction":[{"@type":"ReadAction","target":["https:\/\/jorgemuniz.es\/blog\/"]}]},{"@type":"BreadcrumbList","@id":"https:\/\/jorgemuniz.es\/blog\/#breadcrumb","itemListElement":[{"@type":"ListItem","position":1,"name":"Portada","item":"https:\/\/jorgemuniz.es\/"},{"@type":"ListItem","position":2,"name":"Blog"}]},{"@type":"WebSite","@id":"https:\/\/jorgemuniz.es\/#website","url":"https:\/\/jorgemuniz.es\/","name":"Jorge Mu\u00f1iz","description":"Jardines para vivir","publisher":{"@id":"https:\/\/jorgemuniz.es\/#organization"},"potentialAction":[{"@type":"SearchAction","target":{"@type":"EntryPoint","urlTemplate":"https:\/\/jorgemuniz.es\/?s={search_term_string}"},"query-input":"required name=search_term_string"}],"inLanguage":"ca"},{"@type":"Organization","@id":"https:\/\/jorgemuniz.es\/#organization","name":"Jorge Mu\u00f1iz","url":"https:\/\/jorgemuniz.es\/","logo":{"@type":"ImageObject","inLanguage":"ca","@id":"https:\/\/jorgemuniz.es\/#\/schema\/logo\/image\/","url":"https:\/\/jorgemuniz.es\/wp-content\/uploads\/2022\/05\/cropped-Logo-instagram.png","contentUrl":"https:\/\/jorgemuniz.es\/wp-content\/uploads\/2022\/05\/cropped-Logo-instagram.png","width":437,"height":359,"caption":"Jorge Mu\u00f1iz"},"image":{"@id":"https:\/\/jorgemuniz.es\/#\/schema\/logo\/image\/"}}]}},"_links":{"self":[{"href":"https:\/\/jorgemuniz.es\/ca\/wp-json\/wp\/v2\/pages\/1785","targetHints":{"allow":["GET"]}}],"collection":[{"href":"https:\/\/jorgemuniz.es\/ca\/wp-json\/wp\/v2\/pages"}],"about":[{"href":"https:\/\/jorgemuniz.es\/ca\/wp-json\/wp\/v2\/types\/page"}],"author":[{"embeddable":true,"href":"https:\/\/jorgemuniz.es\/ca\/wp-json\/wp\/v2\/users\/2"}],"replies":[{"embeddable":true,"href":"https:\/\/jorgemuniz.es\/ca\/wp-json\/wp\/v2\/comments?post=1785"}],"version-history":[{"count":1,"href":"https:\/\/jorgemuniz.es\/ca\/wp-json\/wp\/v2\/pages\/1785\/revisions"}],"predecessor-version":[{"id":1786,"href":"https:\/\/jorgemuniz.es\/ca\/wp-json\/wp\/v2\/pages\/1785\/revisions\/1786"}],"wp:attachment":[{"href":"https:\/\/jorgemuniz.es\/ca\/wp-json\/wp\/v2\/media?parent=1785"}],"curies":[{"name":"wp","href":"https:\/\/api.w.org\/{rel}","templated":true}]}}